{"id":2793,"date":"2022-11-28T08:07:47","date_gmt":"2022-11-28T14:07:47","guid":{"rendered":"https:\/\/recostextiles.com\/tecnologia\/"},"modified":"2025-05-28T22:20:29","modified_gmt":"2025-05-29T04:20:29","slug":"technology","status":"publish","type":"page","link":"https:\/\/recostextiles.com\/en\/technology\/","title":{"rendered":"Technology"},"content":{"rendered":"<div class=\"wpb-content-wrapper\"><p>[vc_row full_width=&#8221;stretch_row&#8221; css=&#8221;.vc_custom_1724770226220{margin-bottom: 0px !important;padding-top: 90px !important;padding-bottom: 90px !important;background-image: url(https:\/\/recostextiles.com\/wp-content\/uploads\/2024\/08\/tec1.jpg?id=2452) !important;background-position: center !important;background-repeat: no-repeat !important;background-size: cover !important;}&#8221;][vc_column][vc_row_inner css=&#8221;.vc_custom_1724770425281{padding-top: 30px !important;padding-right: 40px !important;padding-bottom: 40px !important;padding-left: 40px !important;background-color: rgba(255,255,255,0.4) !important;*background-color: rgb(255,255,255) !important;}&#8221;][vc_column_inner][vc_custom_heading text=&#8221;HOW ARE THE DIFFERENT LINES OF RECOS\u00ae MADE?&#8221; font_container=&#8221;tag:h3|text_align:center|color:%23ffffff&#8221; use_theme_fonts=&#8221;yes&#8221; css=&#8221;&#8221;][vc_custom_heading text=&#8221;BIO RECOS\u00ae features a textile backing made from recycled fibers, coated with renewable biopolymers obtained from wheat and corn, among other plant components. The raw materials are sourced through safe practices for farmers and the environment, in accordance with the standards of the Sustainable Development Goals (SDG) and Biodiversity Conservation of the United Nations.&#8221; font_container=&#8221;tag:p|text_align:left|color:%23ffffff&#8221; use_theme_fonts=&#8221;yes&#8221; css=&#8221;&#8221;][\/vc_column_inner][\/vc_row_inner][\/vc_column][\/vc_row][vc_row equal_height=&#8221;yes&#8221; content_placement=&#8221;middle&#8221; css=&#8221;.vc_custom_1724770874741{padding-top: 60px !important;padding-bottom: 60px !important;}&#8221;][vc_column width=&#8221;1\/2&#8243;][vc_single_image image=&#8221;2510&#8243; img_size=&#8221;full&#8221; alignment=&#8221;center&#8221; css=&#8221;&#8221;][\/vc_column][vc_column width=&#8221;1\/2&#8243;][vc_custom_heading text=&#8221;What exactly is a biopolymer?&#8221; font_container=&#8221;tag:h3|text_align:center|color:%23000000&#8243; use_theme_fonts=&#8221;yes&#8221; css=&#8221;&#8221;][vc_column_text css=&#8221;&#8221;]Biopolymers are leather and plastic substitutes obtained from renewable and natural sources. Most commonly, they come from agricultural waste. Using biopolymers reduces the industry\u2019s dependence on fossil materials as well as its greenhouse gas emissions.<\/p>\n<p>In addition to being environmentally friendly, biopolymers maintain the properties of synthetic or natural leather, such as strength, malleability and durability.[\/vc_column_text][\/vc_column][\/vc_row][vc_row full_width=&#8221;stretch_row&#8221; css_animation=&#8221;none&#8221; css=&#8221;.vc_custom_1736951705163{margin-top: 0px !important;margin-bottom: 0px !important;padding-top: 90px !important;padding-bottom: 90px !important;background-color: #536453 !important;}&#8221; el_id=&#8221;soporte&#8221;][vc_column][vc_row_inner equal_height=&#8221;yes&#8221; content_placement=&#8221;middle&#8221; css=&#8221;.vc_custom_1675440861585{padding-top: 0px !important;padding-bottom: 0px !important;}&#8221;][vc_column_inner width=&#8221;1\/6&#8243;][\/vc_column_inner][vc_column_inner width=&#8221;4\/6&#8243;][vc_custom_heading text=&#8221;HOW ARE THE DIFFERENT RECOS\u00ae COLLECTIONS MANUFACTURED?&#8221; font_container=&#8221;tag:h2|text_align:center|color:%23ffffff&#8221; use_theme_fonts=&#8221;yes&#8221; css=&#8221;&#8221; css_animation=&#8221;top-to-bottom&#8221;][vc_custom_heading text=&#8221;RECOS\u00ae backings are versatile and can be adapted to a wide array of applications and projects. Our yarns made with recycled cotton or polyester fibers.&#8221; font_container=&#8221;tag:p|font_size:20px|text_align:center|color:%23ffffff|line_height:26px&#8221; use_theme_fonts=&#8221;yes&#8221; css=&#8221;&#8221; css_animation=&#8221;top-to-bottom&#8221;][\/vc_column_inner][vc_column_inner width=&#8221;1\/6&#8243;][\/vc_column_inner][\/vc_row_inner][vc_row_inner equal_height=&#8221;yes&#8221; css=&#8221;.vc_custom_1669650026643{padding-top: 30px !important;}&#8221;][vc_column_inner width=&#8221;1\/5&#8243;][\/vc_column_inner][vc_column_inner width=&#8221;1\/5&#8243;][vc_single_image image=&#8221;2130&#8243; img_size=&#8221;full&#8221; alignment=&#8221;center&#8221; css_animation=&#8221;left-to-right&#8221;][vc_custom_heading text=&#8221;RECOS CLASSIC<br \/>\nFlat weave backing&#8221; font_container=&#8221;tag:h5|text_align:center|color:%23ffffff&#8221; use_theme_fonts=&#8221;yes&#8221; css=&#8221;.vc_custom_1748455079665{margin-bottom: 0px !important;padding-bottom: 0px !important;}&#8221; css_animation=&#8221;right-to-left&#8221;][vc_btn title=&#8221;READ MORE&#8221; style=&#8221;outline&#8221; color=&#8221;white&#8221; align=&#8221;center&#8221; css=&#8221;.vc_custom_1748492409196{margin-top: 20px !important;}&#8221; button_block=&#8221;true&#8221; link=&#8221;url:https%3A%2F%2Frecostextiles.com%2Fen%2Fflat-weave-backing%2F|title:RECOS%20%28Soporte%20de%20tejido%20plano%29|&#8221;][\/vc_column_inner][vc_column_inner width=&#8221;1\/5&#8243;][vc_single_image image=&#8221;2132&#8243; img_size=&#8221;full&#8221; alignment=&#8221;center&#8221; css_animation=&#8221;left-to-right&#8221;][vc_custom_heading text=&#8221;RECOS STRETCH<br \/>\nTricot backing&#8221; font_container=&#8221;tag:h5|text_align:center|color:%23ffffff&#8221; use_theme_fonts=&#8221;yes&#8221; css=&#8221;.vc_custom_1748455090084{margin-bottom: 0px !important;padding-bottom: 0px !important;}&#8221; css_animation=&#8221;right-to-left&#8221;][vc_btn title=&#8221;READ MORE&#8221; style=&#8221;outline&#8221; color=&#8221;white&#8221; align=&#8221;center&#8221; css=&#8221;.vc_custom_1748492416203{margin-top: 20px !important;}&#8221; button_block=&#8221;true&#8221; link=&#8221;url:https%3A%2F%2Frecostextiles.com%2Fen%2Ftricot-backing%2F|title:RECOS%20%28Soporte%20de%20tejido%20plano%29|&#8221;][\/vc_column_inner][vc_column_inner width=&#8221;1\/5&#8243;][vc_single_image image=&#8221;2134&#8243; img_size=&#8221;full&#8221; alignment=&#8221;center&#8221; css_animation=&#8221;left-to-right&#8221;][vc_custom_heading text=&#8221;RECOS FORRO<br \/>\nNon woven backing&#8221; font_container=&#8221;tag:h5|text_align:center|color:%23ffffff&#8221; use_theme_fonts=&#8221;yes&#8221; css=&#8221;.vc_custom_1748455105146{margin-bottom: 0px !important;padding-bottom: 0px !important;}&#8221; css_animation=&#8221;right-to-left&#8221;][vc_btn title=&#8221;READ MORE&#8221; style=&#8221;outline&#8221; color=&#8221;white&#8221; align=&#8221;center&#8221; css=&#8221;.vc_custom_1748492420833{margin-top: 20px !important;}&#8221; button_block=&#8221;true&#8221; link=&#8221;url:https%3A%2F%2Frecostextiles.com%2Fen%2Frnon-woven%2F|title:RECOS%20%28Soporte%20de%20tejido%20plano%29|&#8221;][\/vc_column_inner][vc_column_inner width=&#8221;1\/5&#8243;][\/vc_column_inner][\/vc_row_inner][vc_row_inner equal_height=&#8221;yes&#8221; content_placement=&#8221;middle&#8221; css=&#8221;.vc_custom_1675440861585{padding-top: 0px !important;padding-bottom: 0px !important;}&#8221;][vc_column_inner width=&#8221;1\/6&#8243;][\/vc_column_inner][vc_column_inner width=&#8221;4\/6&#8243;][vc_empty_space][vc_custom_heading text=&#8221;WET PROCESS \/ COAGULATION&#8221; font_container=&#8221;tag:h5|text_align:left|color:%23ffffff&#8221; use_theme_fonts=&#8221;yes&#8221; css=&#8221;.vc_custom_1748492246863{margin-bottom: 0px !important;padding-bottom: 0px !important;}&#8221; css_animation=&#8221;right-to-left&#8221;][vc_custom_heading text=&#8221;A biopolymer resin (where petroleum byproducts are replaced by plant-based substances) is applied to the textile backing to obtain a product with the same performance features as natural leather.&#8221; font_container=&#8221;tag:p|font_size:20px|text_align:left|color:%23ffffff|line_height:26px&#8221; use_theme_fonts=&#8221;yes&#8221; css=&#8221;&#8221; css_animation=&#8221;top-to-bottom&#8221;][vc_custom_heading text=&#8221;COATING \/ FINISH&#8221; font_container=&#8221;tag:h5|text_align:left|color:%23ffffff&#8221; use_theme_fonts=&#8221;yes&#8221; css=&#8221;.vc_custom_1748492265462{margin-bottom: 0px !important;padding-bottom: 0px !important;}&#8221; css_animation=&#8221;right-to-left&#8221;][vc_custom_heading text=&#8221;Following the coagulation process, the material can be given the desired grain and finish.&#8221; font_container=&#8221;tag:p|font_size:20px|text_align:left|color:%23ffffff|line_height:26px&#8221; use_theme_fonts=&#8221;yes&#8221; css=&#8221;&#8221; css_animation=&#8221;top-to-bottom&#8221;][vc_custom_heading text=&#8221;Combinations depend on each project, as the RECOS\u00ae collection can be adapted to the needs of the customer and the market.&#8221; font_container=&#8221;tag:p|font_size:20px|text_align:left|color:%23ffffff|line_height:26px&#8221; use_theme_fonts=&#8221;yes&#8221; css=&#8221;&#8221; css_animation=&#8221;top-to-bottom&#8221;][vc_empty_space][vc_single_image image=&#8221;2454&#8243; img_size=&#8221;full&#8221; alignment=&#8221;center&#8221; css=&#8221;&#8221;][vc_custom_heading text=&#8221;The name of this new eco-friendly leather represents the origins and evolution of a new creative facet for SIMIL CUERO PLYMOUTH, a company in which Recycling, Ecology and Sustainability have always been contemplated in all work processes.&#8221; font_container=&#8221;tag:p|font_size:20px|text_align:left|color:%23ffffff|line_height:26px&#8221; use_theme_fonts=&#8221;yes&#8221; css=&#8221;&#8221; css_animation=&#8221;top-to-bottom&#8221;][\/vc_column_inner][vc_column_inner width=&#8221;1\/6&#8243;][\/vc_column_inner][\/vc_row_inner][\/vc_column][\/vc_row][vc_row full_width=&#8221;stretch_row_content&#8221; equal_height=&#8221;yes&#8221; content_placement=&#8221;bottom&#8221; disable_element=&#8221;yes&#8221; css=&#8221;.vc_custom_1675440971166{margin-top: 0px !important;margin-bottom: 0px !important;padding-top: 0px !important;padding-bottom: 0px !important;background-color: #536453 !important;}&#8221;][vc_column width=&#8221;1\/2&#8243; css=&#8221;.vc_custom_1669655615830{padding-top: 0px !important;padding-bottom: 120px !important;}&#8221;][vc_row_inner content_placement=&#8221;middle&#8221; css=&#8221;.vc_custom_1669655746285{margin-top: 0px !important;padding-top: 0px !important;}&#8221;][vc_column_inner width=&#8221;2\/6&#8243;][\/vc_column_inner][vc_column_inner width=&#8221;3\/6&#8243;][vc_empty_space height=&#8221;120px&#8221;][vc_custom_heading text=&#8221;COAGULADO Y RECUBRIMIENTO&#8221; font_container=&#8221;tag:h2|text_align:left|color:%23ffffff&#8221; use_theme_fonts=&#8221;yes&#8221;][vc_custom_heading text=&#8221;1. COAGULADO&#8221; font_container=&#8221;tag:h5|text_align:left|color:%23ffffff&#8221; use_theme_fonts=&#8221;yes&#8221;][vc_custom_heading text=&#8221;Al soporte textil se le aplica un recubrimiento de poliuretano o resina de biopol\u00edmero (donde los derivados del petr\u00f3leo son sustituidos por sustancias vegetales) para obtener un producto con caracter\u00edsticas similares a la piel natural.&#8221; font_container=&#8221;tag:p|text_align:left|color:%23ffffff&#8221; use_theme_fonts=&#8221;yes&#8221;][vc_custom_heading text=&#8221;2. RECUBRIMIENTO \/ ACABADO&#8221; font_container=&#8221;tag:h5|text_align:left|color:%23ffffff&#8221; use_theme_fonts=&#8221;yes&#8221;][vc_custom_heading text=&#8221;Este proceso se refiere a la \u201cvista\u201d del material. Al coagulado textil se le a\u00f1ade una capa adicional de poliuretano (o biopol\u00edmero) en tres etapas. Aqu\u00ed es donde se eligen atributos como: textura (grabado), tonalidad, y algunas caracter\u00edsticas mec\u00e1nicas como resistencia y abrasi\u00f3n. Esta \u00faltima est\u00e1 relacionada con una mayor durabilidad, fundamental en la lucha contra el r\u00e1pido desperdicio y la moda ef\u00edmera.&#8221; font_container=&#8221;tag:p|text_align:left|color:%23ffffff&#8221; use_theme_fonts=&#8221;yes&#8221;][\/vc_column_inner][vc_column_inner width=&#8221;1\/6&#8243;][\/vc_column_inner][\/vc_row_inner][\/vc_column][vc_column width=&#8221;1\/2&#8243; css=&#8221;.vc_custom_1669667986824{padding-top: 140px !important;padding-bottom: 20px !important;background-image: url(https:\/\/recostextiles.com\/wp-content\/uploads\/2022\/11\/coag-1.jpg?id=2193) !important;background-position: center !important;background-repeat: no-repeat !important;background-size: cover !important;}&#8221;][vc_row_inner][vc_column_inner][vc_custom_heading text=&#8221;DESIERTO, TAMARINDO Y ZAPOTE&#8221; font_container=&#8221;tag:p|font_size:12px|text_align:left|color:%23ffffff|line_height:14px&#8221; use_theme_fonts=&#8221;yes&#8221;][\/vc_column_inner][\/vc_row_inner][\/vc_column][\/vc_row]<\/p>\n<\/div>","protected":false},"excerpt":{"rendered":"<p>[vc_row full_width=&#8221;stretch_row&#8221; css=&#8221;.vc_custom_1724770226220{margin-bottom: 0px !important;padding-top: 90px !important;padding-bottom: 90px !important;background-image: url(https:\/\/recostextiles.com\/wp-content\/uploads\/2024\/08\/tec1.jpg?id=2452) !important;background-position: center !important;background-repeat: no-repeat !important;background-size: cover !important;}&#8221;][vc_column][vc_row_inner css=&#8221;.vc_custom_1724770425281{padding-top: 30px !important;padding-right:&#8230;<\/p>\n","protected":false},"author":2,"featured_media":0,"parent":0,"menu_order":0,"comment_status":"closed","ping_status":"closed","template":"","meta":{"footnotes":""},"class_list":["post-2793","page","type-page","status-publish"],"_links":{"self":[{"href":"https:\/\/recostextiles.com\/en\/wp-json\/wp\/v2\/pages\/2793","targetHints":{"allow":["GET"]}}],"collection":[{"href":"https:\/\/recostextiles.com\/en\/wp-json\/wp\/v2\/pages"}],"about":[{"href":"https:\/\/recostextiles.com\/en\/wp-json\/wp\/v2\/types\/page"}],"author":[{"embeddable":true,"href":"https:\/\/recostextiles.com\/en\/wp-json\/wp\/v2\/users\/2"}],"replies":[{"embeddable":true,"href":"https:\/\/recostextiles.com\/en\/wp-json\/wp\/v2\/comments?post=2793"}],"version-history":[{"count":0,"href":"https:\/\/recostextiles.com\/en\/wp-json\/wp\/v2\/pages\/2793\/revisions"}],"wp:attachment":[{"href":"https:\/\/recostextiles.com\/en\/wp-json\/wp\/v2\/media?parent=2793"}],"curies":[{"name":"wp","href":"https:\/\/api.w.org\/{rel}","templated":true}]}}